{"id":2,"date":"2020-01-26T11:37:23","date_gmt":"2020-01-26T11:37:23","guid":{"rendered":"http:\/\/audiobot.pl\/?page_id=2"},"modified":"2021-02-19T14:56:11","modified_gmt":"2021-02-19T13:56:11","slug":"strona-glowna","status":"publish","type":"page","link":"https:\/\/audiobot.pl\/","title":{"rendered":"Strona G\u0142\u00f3wna"},"content":{"rendered":"\n<figure class=\"wp-block-image size-large\"><img loading=\"lazy\" decoding=\"async\" width=\"946\" height=\"56\" src=\"http:\/\/audiobot.pl\/wp-content\/uploads\/2020\/01\/belka.png\" alt=\"\" class=\"wp-image-16\" srcset=\"https:\/\/audiobot.pl\/wp-content\/uploads\/2020\/01\/belka.png 946w, https:\/\/audiobot.pl\/wp-content\/uploads\/2020\/01\/belka-300x18.png 300w, https:\/\/audiobot.pl\/wp-content\/uploads\/2020\/01\/belka-768x45.png 768w\" sizes=\"(max-width: 946px) 100vw, 946px\" \/><\/figure>\n\n\n\n<p><em>Projekt pt. \u201eAudioBot\u00a0\u2013 innowacyjny, samoucz\u0105cy si\u0119\u00a0 system automatycznej diagnostyki s\u0142uchu metodami SPW w \u015brodowisku domowym pacjenta\u201d wsp\u00f3\u0142finansowany ze \u015brodk\u00f3w\u00a0Europejskiego Funduszu Rozwoju Regionalnego\u00a0w ramach programu Inteligentny Rozw\u00f3j. Projekt realizowany w ramach konkursu Narodowego Centrum Bada\u0144 i Rozwoju: Szybka \u015bcie\u017cka<\/em><\/p>\n\n\n\n<p>Projekt zak\u0142ada realizacj\u0119 pi\u0119ciu etap\u00f3w bada\u0144 przemys\u0142owych trwaj\u0105cych 31 miesi\u0119cy, jednego etapu prac rozwojowych trwaj\u0105cych 6 miesi\u0119cy oraz etap prac przedwdro\u017ceniowych, kt\u00f3re zostan\u0105 zrealizowane w czasie 5 miesi\u0119cy.&nbsp;&nbsp;&nbsp; <\/p>\n\n\n\n<p><\/p>\n","protected":false},"excerpt":{"rendered":"<p>Projekt pt. \u201eAudioBot\u00a0\u2013 innowacyjny, samoucz\u0105cy si\u0119\u00a0 system automatycznej diagnostyki s\u0142uchu metodami SPW w \u015brodowisku domowym pacjenta\u201d wsp\u00f3\u0142finansowany ze \u015brodk\u00f3w\u00a0Europejskiego Funduszu Rozwoju Regionalnego\u00a0w ramach programu Inteligentny Rozw\u00f3j. Projekt realizowany w ramach &#8230;<\/p>\n","protected":false},"author":1,"featured_media":6,"parent":0,"menu_order":0,"comment_status":"closed","ping_status":"open","template":"template-frontpage.php","meta":{"footnotes":""},"yoast_head":"<!-- This site is optimized with the Yoast SEO plugin v15.8 - https:\/\/yoast.com\/wordpress\/plugins\/seo\/ -->\n<title>Strona G\u0142\u00f3wna - AudioBot<\/title>\n<meta name=\"robots\" content=\"index, follow, max-snippet:-1, max-image-preview:large, max-video-preview:-1\" \/>\n<link rel=\"canonical\" href=\"https:\/\/audiobot.pl\/\" \/>\n<meta property=\"og:locale\" content=\"pl_PL\" \/>\n<meta property=\"og:type\" content=\"article\" \/>\n<meta property=\"og:title\" content=\"Strona G\u0142\u00f3wna - AudioBot\" \/>\n<meta property=\"og:description\" content=\"Projekt pt. \u201eAudioBot\u00a0\u2013 innowacyjny, samoucz\u0105cy si\u0119\u00a0 system automatycznej diagnostyki s\u0142uchu metodami SPW w \u015brodowisku domowym pacjenta\u201d wsp\u00f3\u0142finansowany ze \u015brodk\u00f3w\u00a0Europejskiego Funduszu Rozwoju Regionalnego\u00a0w ramach programu Inteligentny Rozw\u00f3j. Projekt realizowany w ramach ...\" \/>\n<meta property=\"og:url\" content=\"https:\/\/audiobot.pl\/\" \/>\n<meta property=\"og:site_name\" content=\"AudioBot\" \/>\n<meta property=\"article:publisher\" content=\"https:\/\/www.facebook.com\/AudioBotPolska\" \/>\n<meta property=\"article:modified_time\" content=\"2021-02-19T13:56:11+00:00\" \/>\n<meta property=\"og:image\" content=\"https:\/\/audiobot.pl\/wp-content\/uploads\/2020\/01\/logo-abt.png\" \/>\n\t<meta property=\"og:image:width\" content=\"661\" \/>\n\t<meta property=\"og:image:height\" content=\"553\" \/>\n<meta name=\"twitter:card\" content=\"summary_large_image\" \/>\n<meta name=\"twitter:label1\" content=\"Est. reading time\">\n\t<meta name=\"twitter:data1\" content=\"1 minuta\">\n<script type=\"application\/ld+json\" class=\"yoast-schema-graph\">{\"@context\":\"https:\/\/schema.org\",\"@graph\":[{\"@type\":\"Organization\",\"@id\":\"https:\/\/audiobot.pl\/#organization\",\"name\":\"Audiobot\",\"url\":\"https:\/\/audiobot.pl\/\",\"sameAs\":[\"https:\/\/www.facebook.com\/AudioBotPolska\"],\"logo\":{\"@type\":\"ImageObject\",\"@id\":\"https:\/\/audiobot.pl\/#logo\",\"inLanguage\":\"pl-PL\",\"url\":\"https:\/\/audiobot.pl\/wp-content\/uploads\/2021\/02\/logo.jpg\",\"width\":200,\"height\":200,\"caption\":\"Audiobot\"},\"image\":{\"@id\":\"https:\/\/audiobot.pl\/#logo\"}},{\"@type\":\"WebSite\",\"@id\":\"https:\/\/audiobot.pl\/#website\",\"url\":\"https:\/\/audiobot.pl\/\",\"name\":\"AudioBot\",\"description\":\"Cyfrowa Diagnostyka S\\u0142uchu\",\"publisher\":{\"@id\":\"https:\/\/audiobot.pl\/#organization\"},\"potentialAction\":[{\"@type\":\"SearchAction\",\"target\":\"https:\/\/audiobot.pl\/?s={search_term_string}\",\"query-input\":\"required name=search_term_string\"}],\"inLanguage\":\"pl-PL\"},{\"@type\":\"ImageObject\",\"@id\":\"https:\/\/audiobot.pl\/#primaryimage\",\"inLanguage\":\"pl-PL\",\"url\":\"https:\/\/audiobot.pl\/wp-content\/uploads\/2020\/01\/logo-abt.png\",\"width\":661,\"height\":553},{\"@type\":\"WebPage\",\"@id\":\"https:\/\/audiobot.pl\/#webpage\",\"url\":\"https:\/\/audiobot.pl\/\",\"name\":\"Strona G\\u0142\\u00f3wna - AudioBot\",\"isPartOf\":{\"@id\":\"https:\/\/audiobot.pl\/#website\"},\"primaryImageOfPage\":{\"@id\":\"https:\/\/audiobot.pl\/#primaryimage\"},\"datePublished\":\"2020-01-26T11:37:23+00:00\",\"dateModified\":\"2021-02-19T13:56:11+00:00\",\"breadcrumb\":{\"@id\":\"https:\/\/audiobot.pl\/#breadcrumb\"},\"inLanguage\":\"pl-PL\",\"potentialAction\":[{\"@type\":\"ReadAction\",\"target\":[\"https:\/\/audiobot.pl\/\"]}]},{\"@type\":\"BreadcrumbList\",\"@id\":\"https:\/\/audiobot.pl\/#breadcrumb\",\"itemListElement\":[{\"@type\":\"ListItem\",\"position\":1,\"item\":{\"@type\":\"WebPage\",\"@id\":\"https:\/\/audiobot.pl\/\",\"url\":\"https:\/\/audiobot.pl\/\",\"name\":\"Home\"}},{\"@type\":\"ListItem\",\"position\":2,\"item\":{\"@type\":\"WebPage\",\"@id\":\"https:\/\/audiobot.pl\/\",\"url\":\"https:\/\/audiobot.pl\/\",\"name\":\"Strona G\\u0142\\u00f3wna\"}}]}]}<\/script>\n<!-- \/ Yoast SEO plugin. -->","_links":{"self":[{"href":"https:\/\/audiobot.pl\/index.php\/wp-json\/wp\/v2\/pages\/2"}],"collection":[{"href":"https:\/\/audiobot.pl\/index.php\/wp-json\/wp\/v2\/pages"}],"about":[{"href":"https:\/\/audiobot.pl\/index.php\/wp-json\/wp\/v2\/types\/page"}],"author":[{"embeddable":true,"href":"https:\/\/audiobot.pl\/index.php\/wp-json\/wp\/v2\/users\/1"}],"replies":[{"embeddable":true,"href":"https:\/\/audiobot.pl\/index.php\/wp-json\/wp\/v2\/comments?post=2"}],"version-history":[{"count":6,"href":"https:\/\/audiobot.pl\/index.php\/wp-json\/wp\/v2\/pages\/2\/revisions"}],"predecessor-version":[{"id":148,"href":"https:\/\/audiobot.pl\/index.php\/wp-json\/wp\/v2\/pages\/2\/revisions\/148"}],"wp:featuredmedia":[{"embeddable":true,"href":"https:\/\/audiobot.pl\/index.php\/wp-json\/wp\/v2\/media\/6"}],"wp:attachment":[{"href":"https:\/\/audiobot.pl\/index.php\/wp-json\/wp\/v2\/media?parent=2"}],"curies":[{"name":"wp","href":"https:\/\/api.w.org\/{rel}","templated":true}]}}