{"id":150,"date":"2021-02-23T14:14:57","date_gmt":"2021-02-23T13:14:57","guid":{"rendered":"https:\/\/audiobot.pl\/?page_id=150"},"modified":"2025-04-18T17:53:47","modified_gmt":"2025-04-18T15:53:47","slug":"automatycznie-zapisany","status":"publish","type":"page","link":"https:\/\/audiobot.pl\/index.php\/automatycznie-zapisany\/","title":{"rendered":"ZAPROSZENIE DO UDZIA\u0141U W BADANIACH NAUKOWYCH"},"content":{"rendered":"\n<p>Zapraszamy kobiety i m\u0119\u017cczyzn w wieku 18-65 lat do uczestnictwa w badaniu, polegaj\u0105cym na wykonaniu wzorcowych rejestracji odpowiedzi ABR i ASSR za pomoc\u0105 certyfikowanego urz\u0105dzenia HEDERA, procedur\u0105 szeregu nat\u0119\u017ceniowego, prowadzonym przez Zesp\u00f3l Naukowo-Badawczy firmy Conet Sp. z o.o. Sp. K.<\/p>\n\n\n\n<p>Uzyskane zapisy danych wzorcowych pozwol\u0105 na opracowanie automatycznych algorytm\u00f3w wyznaczania prog\u00f3w s\u0142yszenia na podstawie detekcji odpowiedzi s\u0142uchowych potencja\u0142\u00f3w wywo\u0142anych ABR, pozwalaj\u0105cych na wyznaczenie progu fali V z dok\u0142adno\u015bci\u0105 powy\u017cej 95% w por\u00f3wnaniu do oceny eksperta \u2013 lekarza specjalisty.<\/p>\n\n\n\n<p>Badanie b\u0119dzie polega\u0142o na wyznaczeniu prog\u00f3w fali V dla bod\u017aca typu trzask i 4 bod\u017ac\u00f3w tonalnych o cz\u0119stotliwo\u015bciach 500, 1000, 2000 i 4000 Hz oraz prog\u00f3w detekcji odpowiedzi ASSR. Odpowiedzi b\u0119d\u0105 rejestrowane za pomoc\u0105 trzech elektrod powierzchniowych przyklejanych na czas badania do g\u0142owy osoby badanej. Badanie przeprowadzane b\u0119dzie w pozycji p\u00f3\u0142le\u017c\u0105cej, w stanie relaksu. W trakcie pomiar\u00f3w, poprzez s\u0142uchawki prezentowane b\u0119d\u0105 d\u017awi\u0119ki o r\u00f3\u017cnej g\u0142o\u015bno\u015bci. Najg\u0142o\u015bniejsze z nich nie b\u0119d\u0105 przekracza\u0107 tzw. progu dyskomfortu, kt\u00f3ry b\u0119dzie wyznaczany indywidualnie przed ka\u017cdym badaniem.<\/p>\n\n\n\n<p>Badanie b\u0119dzie wykonywane za pomoc\u0105 procedur stosowanych w obiektywnej diagnostyce s\u0142uchu od ponad 30 lat. W ko\u0144cowym efekcie osoba uczestnicz\u0105ca w badaniach uzyska szczeg\u00f3\u0142owe wyniki obejmuj\u0105ce: obiektywne warto\u015bci prog\u00f3w fali V dla badanych cz\u0119stotliwo\u015bci oraz ocen\u0119 parametr\u00f3w czasowych odpowiedzi.<\/p>\n\n\n\n<p>W badaniach mog\u0105 wzi\u0105\u0107 udzia\u0142 zar\u00f3wno osoby dobrze s\u0142ysz\u0105ce, jak r\u00f3wnie\u017c osoby z niedos\u0142uchem, w tym osoby korzystaj\u0105ce z aparat\u00f3w s\u0142uchowych.<\/p>\n\n\n\n<p>Badania b\u0119d\u0105 przeprowadzane w jednej z dw\u00f3ch wybranych przez Pa\u0144stwa lokalizacji: w Warszawie, przy ul Leszno 32, lub w Bia\u0142ymstoku, przy ul Jana Klemensa Branickiego 17 A. Szacunkowy czas potrzebny na wykonanie wszystkich procedur wynosi od 7 do 10 godzin, wykonywanych w ustalonych sesjach. Za udzia\u0142 w badaniu przewidziany jest zwrot koszt\u00f3w dojazdu, dieta oraz rekompensata za strat\u0119 dochodu spowodowanego udzia\u0142em w badaniu, w zrycza\u0142towanej kwocie 50 z\u0142 za godzin\u0119 badania. Ka\u017cdorazowo do badania kwalifikowa\u0107 b\u0119dzie Pa\u0144stwa lekarz specjalista otolaryngolog.<\/p>\n\n\n\n<p>Osoby zainteresowane udzia\u0142em w badaniu prosimy o zapisanie si\u0119 na badania na stronie <a href=\"https:\/\/bazakonkurencyjnosci.funduszeeuropejskie.gov.pl\/ogloszenia\/32783\">Bazy Konkurencyjno\u015bci<\/a>. W razie pyta\u0144, zapraszamy do kontaktu pod numerem telefonu: <a href=\"tel:0048609736934\">+48 609736934<\/a> lub mailowo: <a href=\"mailto:adam.pilka@audiobot.pl\">adam.pilka@audiobot.pl<\/a>.<\/p>\n","protected":false},"excerpt":{"rendered":"<p>Zapraszamy kobiety i m\u0119\u017cczyzn w wieku 18-65 lat do uczestnictwa w badaniu, polegaj\u0105cym na wykonaniu wzorcowych rejestracji odpowiedzi ABR i ASSR za pomoc\u0105 certyfikowanego urz\u0105dzenia HEDERA, procedur\u0105 szeregu nat\u0119\u017ceniowego, prowadzonym &#8230;<\/p>\n","protected":false},"author":1,"featured_media":0,"parent":0,"menu_order":0,"comment_status":"closed","ping_status":"closed","template":"","meta":{"footnotes":""},"yoast_head":"<!-- This site is optimized with the Yoast SEO plugin v15.8 - https:\/\/yoast.com\/wordpress\/plugins\/seo\/ -->\n<title>ZAPROSZENIE DO UDZIA\u0141U W BADANIACH NAUKOWYCH - AudioBot<\/title>\n<meta name=\"description\" content=\"Zaproszenie do udzia\u0142u w badaniach s\u0142uch prowadzone przez CONET w ramach projektu AudioBot. Projekt finansowany z funduszy Unii Europejskiej.\" \/>\n<meta name=\"robots\" content=\"index, follow, max-snippet:-1, max-image-preview:large, max-video-preview:-1\" \/>\n<link rel=\"canonical\" href=\"https:\/\/audiobot.pl\/index.php\/automatycznie-zapisany\/\" \/>\n<meta property=\"og:locale\" content=\"pl_PL\" \/>\n<meta property=\"og:type\" content=\"article\" \/>\n<meta property=\"og:title\" content=\"ZAPROSZENIE DO UDZIA\u0141U W BADANIACH NAUKOWYCH - AudioBot\" \/>\n<meta property=\"og:description\" content=\"Zaproszenie do udzia\u0142u w badaniach s\u0142uch prowadzone przez CONET w ramach projektu AudioBot. Projekt finansowany z funduszy Unii Europejskiej.\" \/>\n<meta property=\"og:url\" content=\"https:\/\/audiobot.pl\/index.php\/automatycznie-zapisany\/\" \/>\n<meta property=\"og:site_name\" content=\"AudioBot\" \/>\n<meta property=\"article:publisher\" content=\"https:\/\/www.facebook.com\/AudioBotPolska\" \/>\n<meta property=\"article:modified_time\" content=\"2025-04-18T15:53:47+00:00\" \/>\n<meta name=\"twitter:card\" content=\"summary_large_image\" \/>\n<meta name=\"twitter:label1\" content=\"Est. reading time\">\n\t<meta name=\"twitter:data1\" content=\"2 minuty\">\n<script type=\"application\/ld+json\" class=\"yoast-schema-graph\">{\"@context\":\"https:\/\/schema.org\",\"@graph\":[{\"@type\":\"Organization\",\"@id\":\"https:\/\/audiobot.pl\/#organization\",\"name\":\"Audiobot\",\"url\":\"https:\/\/audiobot.pl\/\",\"sameAs\":[\"https:\/\/www.facebook.com\/AudioBotPolska\"],\"logo\":{\"@type\":\"ImageObject\",\"@id\":\"https:\/\/audiobot.pl\/#logo\",\"inLanguage\":\"pl-PL\",\"url\":\"https:\/\/audiobot.pl\/wp-content\/uploads\/2021\/02\/logo.jpg\",\"width\":200,\"height\":200,\"caption\":\"Audiobot\"},\"image\":{\"@id\":\"https:\/\/audiobot.pl\/#logo\"}},{\"@type\":\"WebSite\",\"@id\":\"https:\/\/audiobot.pl\/#website\",\"url\":\"https:\/\/audiobot.pl\/\",\"name\":\"AudioBot\",\"description\":\"Cyfrowa Diagnostyka S\\u0142uchu\",\"publisher\":{\"@id\":\"https:\/\/audiobot.pl\/#organization\"},\"potentialAction\":[{\"@type\":\"SearchAction\",\"target\":\"https:\/\/audiobot.pl\/?s={search_term_string}\",\"query-input\":\"required name=search_term_string\"}],\"inLanguage\":\"pl-PL\"},{\"@type\":\"WebPage\",\"@id\":\"https:\/\/audiobot.pl\/index.php\/automatycznie-zapisany\/#webpage\",\"url\":\"https:\/\/audiobot.pl\/index.php\/automatycznie-zapisany\/\",\"name\":\"ZAPROSZENIE DO UDZIA\\u0141U W BADANIACH NAUKOWYCH - AudioBot\",\"isPartOf\":{\"@id\":\"https:\/\/audiobot.pl\/#website\"},\"datePublished\":\"2021-02-23T13:14:57+00:00\",\"dateModified\":\"2025-04-18T15:53:47+00:00\",\"description\":\"Zaproszenie do udzia\\u0142u w badaniach s\\u0142uch prowadzone przez CONET w ramach projektu AudioBot. Projekt finansowany z funduszy Unii Europejskiej.\",\"breadcrumb\":{\"@id\":\"https:\/\/audiobot.pl\/index.php\/automatycznie-zapisany\/#breadcrumb\"},\"inLanguage\":\"pl-PL\",\"potentialAction\":[{\"@type\":\"ReadAction\",\"target\":[\"https:\/\/audiobot.pl\/index.php\/automatycznie-zapisany\/\"]}]},{\"@type\":\"BreadcrumbList\",\"@id\":\"https:\/\/audiobot.pl\/index.php\/automatycznie-zapisany\/#breadcrumb\",\"itemListElement\":[{\"@type\":\"ListItem\",\"position\":1,\"item\":{\"@type\":\"WebPage\",\"@id\":\"https:\/\/audiobot.pl\/\",\"url\":\"https:\/\/audiobot.pl\/\",\"name\":\"Home\"}},{\"@type\":\"ListItem\",\"position\":2,\"item\":{\"@type\":\"WebPage\",\"@id\":\"https:\/\/audiobot.pl\/index.php\/automatycznie-zapisany\/\",\"url\":\"https:\/\/audiobot.pl\/index.php\/automatycznie-zapisany\/\",\"name\":\"ZAPROSZENIE DO UDZIA\\u0141U W BADANIACH NAUKOWYCH\"}}]}]}<\/script>\n<!-- \/ Yoast SEO plugin. -->","_links":{"self":[{"href":"https:\/\/audiobot.pl\/index.php\/wp-json\/wp\/v2\/pages\/150"}],"collection":[{"href":"https:\/\/audiobot.pl\/index.php\/wp-json\/wp\/v2\/pages"}],"about":[{"href":"https:\/\/audiobot.pl\/index.php\/wp-json\/wp\/v2\/types\/page"}],"author":[{"embeddable":true,"href":"https:\/\/audiobot.pl\/index.php\/wp-json\/wp\/v2\/users\/1"}],"replies":[{"embeddable":true,"href":"https:\/\/audiobot.pl\/index.php\/wp-json\/wp\/v2\/comments?post=150"}],"version-history":[{"count":4,"href":"https:\/\/audiobot.pl\/index.php\/wp-json\/wp\/v2\/pages\/150\/revisions"}],"predecessor-version":[{"id":157,"href":"https:\/\/audiobot.pl\/index.php\/wp-json\/wp\/v2\/pages\/150\/revisions\/157"}],"wp:attachment":[{"href":"https:\/\/audiobot.pl\/index.php\/wp-json\/wp\/v2\/media?parent=150"}],"curies":[{"name":"wp","href":"https:\/\/api.w.org\/{rel}","templated":true}]}}